{"id":1185,"date":"2026-04-17T13:27:19","date_gmt":"2026-04-17T11:27:19","guid":{"rendered":"https:\/\/isfft.com\/?page_id=1185"},"modified":"2026-04-17T13:50:52","modified_gmt":"2026-04-17T11:50:52","slug":"parallel-activities-on-campus-isfft2026","status":"publish","type":"page","link":"https:\/\/isfft.com\/en\/isfft-2026\/parallel-activities-on-campus-isfft2026\/","title":{"rendered":"Parallel Activities Across the Campus"},"content":{"rendered":"<div data-elementor-type=\"wp-page\" data-elementor-id=\"1185\" class=\"elementor elementor-1185\">\n\t\t\t\t<div class=\"elementor-element elementor-element-543d9a7 e-flex e-con-boxed e-con e-parent\" data-id=\"543d9a7\" data-element_type=\"container\" data-e-type=\"container\" data-settings=\"{&quot;background_background&quot;:&quot;classic&quot;}\">\n\t\t\t\t\t<div class=\"e-con-inner\">\n\t\t<div class=\"elementor-element elementor-element-620d946 e-con-full e-flex e-con e-child\" data-id=\"620d946\" data-element_type=\"container\" data-e-type=\"container\">\n\t\t\t\t<div class=\"elementor-element elementor-element-1aa43b1 elementor-widget elementor-widget-spacer\" data-id=\"1aa43b1\" data-element_type=\"widget\" data-e-type=\"widget\" data-widget_type=\"spacer.default\">\n\t\t\t\t\t\t\t<div class=\"elementor-spacer\">\n\t\t\t<div class=\"elementor-spacer-inner\"><\/div>\n\t\t<\/div>\n\t\t\t\t\t\t<\/div>\n\t\t\t\t<div class=\"elementor-element elementor-element-17739bd elementor-hidden-tablet elementor-hidden-mobile elementor-widget elementor-widget-heading\" data-id=\"17739bd\" data-element_type=\"widget\" data-e-type=\"widget\" data-widget_type=\"heading.default\">\n\t\t\t\t\t<h2 class=\"elementor-heading-title elementor-size-default\">Parallel Activities Across the Campus<br> ISFFT 2026<\/h2>\t\t\t\t<\/div>\n\t\t\t\t<div class=\"elementor-element elementor-element-8c08c89 elementor-hidden-desktop elementor-widget elementor-widget-heading\" data-id=\"8c08c89\" data-element_type=\"widget\" data-e-type=\"widget\" data-widget_type=\"heading.default\">\n\t\t\t\t\t<h2 class=\"elementor-heading-title elementor-size-default\">Parallel Activities <br>\nISFFT 2026<\/h2>\t\t\t\t<\/div>\n\t\t\t\t<div class=\"elementor-element elementor-element-b8dba06 elementor-widget elementor-widget-spacer\" data-id=\"b8dba06\" data-element_type=\"widget\" data-e-type=\"widget\" data-widget_type=\"spacer.default\">\n\t\t\t\t\t\t\t<div class=\"elementor-spacer\">\n\t\t\t<div class=\"elementor-spacer-inner\"><\/div>\n\t\t<\/div>\n\t\t\t\t\t\t<\/div>\n\t\t\t\t<div class=\"elementor-element elementor-element-d0a5631 elementor-widget elementor-widget-text-editor\" data-id=\"d0a5631\" data-element_type=\"widget\" data-e-type=\"widget\" data-widget_type=\"text-editor.default\">\n\t\t\t\t\t\t\t\t\t<p>During ISFFT 2026, the University of Arts campus is transformed into an open and dynamic artistic environment, where activities extend beyond the performance halls, into a network of interconnected spaces.<\/p>\t\t\t\t\t\t\t\t<\/div>\n\t\t\t\t<div class=\"elementor-element elementor-element-d489a61 elementor-widget elementor-widget-text-editor\" data-id=\"d489a61\" data-element_type=\"widget\" data-e-type=\"widget\" data-widget_type=\"text-editor.default\">\n\t\t\t\t\t\t\t\t\t<p>The campus is conceived as a living map of experiences, where each space maintains its own identity and function, contributing to the overall festival ecosystem.<\/p><p>In this way, the University of the Arts campus functions as an integrated artistic ecosystem, where each space contributes to building a complete, interdisciplinary and contemporary festival experience.<\/p>\t\t\t\t\t\t\t\t<\/div>\n\t\t\t\t<div class=\"elementor-element elementor-element-e7829b6 elementor-widget elementor-widget-spacer\" data-id=\"e7829b6\" data-element_type=\"widget\" data-e-type=\"widget\" data-widget_type=\"spacer.default\">\n\t\t\t\t\t\t\t<div class=\"elementor-spacer\">\n\t\t\t<div class=\"elementor-spacer-inner\"><\/div>\n\t\t<\/div>\n\t\t\t\t\t\t<\/div>\n\t\t\t\t<div class=\"elementor-element elementor-element-b331543 elementor-widget elementor-widget-heading\" data-id=\"b331543\" data-element_type=\"widget\" data-e-type=\"widget\" data-widget_type=\"heading.default\">\n\t\t\t\t\t<h3 class=\"elementor-heading-title elementor-size-default\">Fun Zone<\/h3>\t\t\t\t<\/div>\n\t\t<div class=\"elementor-element elementor-element-6425937 e-grid e-con-full e-con e-child\" data-id=\"6425937\" data-element_type=\"container\" data-e-type=\"container\">\n\t\t\t\t<div class=\"elementor-element elementor-element-84efb9c elementor-widget elementor-widget-image\" data-id=\"84efb9c\" data-element_type=\"widget\" data-e-type=\"widget\" data-widget_type=\"image.default\">\n\t\t\t\t\t\t\t\t\t\t\t\t\t\t\t\t<a href=\"https:\/\/isfft.com\/wp-content\/uploads\/2026\/04\/Fun-Zone-Network-scaled.jpg\" data-elementor-open-lightbox=\"yes\" data-elementor-lightbox-title=\"Fun-Zone-&amp;-Network\" data-e-action-hash=\"#elementor-action%3Aaction%3Dlightbox%26settings%3DeyJpZCI6MTE4NywidXJsIjoiaHR0cHM6XC9cL2lzZmZ0LmNvbVwvd3AtY29udGVudFwvdXBsb2Fkc1wvMjAyNlwvMDRcL0Z1bi1ab25lLU5ldHdvcmstc2NhbGVkLmpwZyJ9\">\n\t\t\t\t\t\t\t<img fetchpriority=\"high\" decoding=\"async\" width=\"1024\" height=\"576\" src=\"https:\/\/isfft.com\/wp-content\/uploads\/2026\/04\/Fun-Zone-Network-1024x576.jpg\" class=\"attachment-large size-large wp-image-1187\" alt=\"\" srcset=\"https:\/\/isfft.com\/wp-content\/uploads\/2026\/04\/Fun-Zone-Network-1024x576.jpg 1024w, https:\/\/isfft.com\/wp-content\/uploads\/2026\/04\/Fun-Zone-Network-300x169.jpg 300w, https:\/\/isfft.com\/wp-content\/uploads\/2026\/04\/Fun-Zone-Network-768x432.jpg 768w, https:\/\/isfft.com\/wp-content\/uploads\/2026\/04\/Fun-Zone-Network-1536x864.jpg 1536w, https:\/\/isfft.com\/wp-content\/uploads\/2026\/04\/Fun-Zone-Network-2048x1152.jpg 2048w, https:\/\/isfft.com\/wp-content\/uploads\/2026\/04\/Fun-Zone-Network-18x10.jpg 18w\" sizes=\"(max-width: 1024px) 100vw, 1024px\" \/>\t\t\t\t\t\t\t\t<\/a>\n\t\t\t\t\t\t\t\t\t\t\t\t\t\t\t<\/div>\n\t\t\t\t<div class=\"elementor-element elementor-element-76bff4a elementor-widget elementor-widget-text-editor\" data-id=\"76bff4a\" data-element_type=\"widget\" data-e-type=\"widget\" data-widget_type=\"text-editor.default\">\n\t\t\t\t\t\t\t\t\t<p>A dedicated social and activation space hosting festival partners and informal gatherings. Here, participants can engage with Botimet Albas, alongside a curated music program by Club FM and Hi-Fi Records Tirana, creating a vibrant and accessible atmosphere throughout the day.<\/p>\t\t\t\t\t\t\t\t<\/div>\n\t\t\t\t<\/div>\n\t\t\t\t<div class=\"elementor-element elementor-element-1a0c9cd elementor-widget elementor-widget-spacer\" data-id=\"1a0c9cd\" data-element_type=\"widget\" data-e-type=\"widget\" data-widget_type=\"spacer.default\">\n\t\t\t\t\t\t\t<div class=\"elementor-spacer\">\n\t\t\t<div class=\"elementor-spacer-inner\"><\/div>\n\t\t<\/div>\n\t\t\t\t\t\t<\/div>\n\t\t\t\t<div class=\"elementor-element elementor-element-0628437 elementor-widget elementor-widget-heading\" data-id=\"0628437\" data-element_type=\"widget\" data-e-type=\"widget\" data-widget_type=\"heading.default\">\n\t\t\t\t\t<h3 class=\"elementor-heading-title elementor-size-default\">Media &amp; Reporting Hub \u2013 Cult Cine Closet<\/h3>\t\t\t\t<\/div>\n\t\t\t\t<div class=\"elementor-element elementor-element-34d23f1 elementor-widget elementor-widget-text-editor\" data-id=\"34d23f1\" data-element_type=\"widget\" data-e-type=\"widget\" data-widget_type=\"text-editor.default\">\n\t\t\t\t\t\t\t\t\t<p class=\"p4\"><span lang=\"EN-US\">A dedicated media point where interviews with cast members and participants are conducted, documenting the festival in real time and creating a living archive of its discourse and atmosphere.<\/span><\/p>\t\t\t\t\t\t\t\t<\/div>\n\t\t\t\t<div class=\"elementor-element elementor-element-c3022d3 elementor-widget elementor-widget-spacer\" data-id=\"c3022d3\" data-element_type=\"widget\" data-e-type=\"widget\" data-widget_type=\"spacer.default\">\n\t\t\t\t\t\t\t<div class=\"elementor-spacer\">\n\t\t\t<div class=\"elementor-spacer-inner\"><\/div>\n\t\t<\/div>\n\t\t\t\t\t\t<\/div>\n\t\t\t\t<div class=\"elementor-element elementor-element-5a0ec54 elementor-widget elementor-widget-heading\" data-id=\"5a0ec54\" data-element_type=\"widget\" data-e-type=\"widget\" data-widget_type=\"heading.default\">\n\t\t\t\t\t<h3 class=\"elementor-heading-title elementor-size-default\">Networking Area<\/h3>\t\t\t\t<\/div>\n\t\t<div class=\"elementor-element elementor-element-9839e2d e-grid e-con-full e-con e-child\" data-id=\"9839e2d\" data-element_type=\"container\" data-e-type=\"container\">\n\t\t\t\t<div class=\"elementor-element elementor-element-8123852 elementor-widget elementor-widget-image\" data-id=\"8123852\" data-element_type=\"widget\" data-e-type=\"widget\" data-widget_type=\"image.default\">\n\t\t\t\t\t\t\t\t\t\t\t\t\t\t\t\t<a href=\"https:\/\/isfft.com\/wp-content\/uploads\/2026\/04\/Fun-zone-2.jpg\" data-elementor-open-lightbox=\"yes\" data-elementor-lightbox-title=\"Fun-zone-2\" data-e-action-hash=\"#elementor-action%3Aaction%3Dlightbox%26settings%3DeyJpZCI6MTE4OCwidXJsIjoiaHR0cHM6XC9cL2lzZmZ0LmNvbVwvd3AtY29udGVudFwvdXBsb2Fkc1wvMjAyNlwvMDRcL0Z1bi16b25lLTIuanBnIn0%3D\">\n\t\t\t\t\t\t\t<img decoding=\"async\" width=\"1024\" height=\"683\" src=\"https:\/\/isfft.com\/wp-content\/uploads\/2026\/04\/Fun-zone-2-1024x683.jpg\" class=\"attachment-large size-large wp-image-1188\" alt=\"\" srcset=\"https:\/\/isfft.com\/wp-content\/uploads\/2026\/04\/Fun-zone-2-1024x683.jpg 1024w, https:\/\/isfft.com\/wp-content\/uploads\/2026\/04\/Fun-zone-2-300x200.jpg 300w, https:\/\/isfft.com\/wp-content\/uploads\/2026\/04\/Fun-zone-2-768x512.jpg 768w, https:\/\/isfft.com\/wp-content\/uploads\/2026\/04\/Fun-zone-2-18x12.jpg 18w, https:\/\/isfft.com\/wp-content\/uploads\/2026\/04\/Fun-zone-2.jpg 1536w\" sizes=\"(max-width: 1024px) 100vw, 1024px\" \/>\t\t\t\t\t\t\t\t<\/a>\n\t\t\t\t\t\t\t\t\t\t\t\t\t\t\t<\/div>\n\t\t\t\t<div class=\"elementor-element elementor-element-5a45ec2 elementor-widget elementor-widget-text-editor\" data-id=\"5a45ec2\" data-element_type=\"widget\" data-e-type=\"widget\" data-widget_type=\"text-editor.default\">\n\t\t\t\t\t\t\t\t\t<p class=\"p4\"><span lang=\"EN-US\">A more focused and professional space, distinct from the energy of the Fun Zone, designed for meaningful encounters between students, academics, and industry professionals. This area encourages dialogue, project discussions, and the formation of future collaborations.<\/span><\/p>\t\t\t\t\t\t\t\t<\/div>\n\t\t\t\t<\/div>\n\t\t\t\t<div class=\"elementor-element elementor-element-6c70305 elementor-widget elementor-widget-spacer\" data-id=\"6c70305\" data-element_type=\"widget\" data-e-type=\"widget\" data-widget_type=\"spacer.default\">\n\t\t\t\t\t\t\t<div class=\"elementor-spacer\">\n\t\t\t<div class=\"elementor-spacer-inner\"><\/div>\n\t\t<\/div>\n\t\t\t\t\t\t<\/div>\n\t\t\t\t<div class=\"elementor-element elementor-element-2846d33 elementor-widget elementor-widget-heading\" data-id=\"2846d33\" data-element_type=\"widget\" data-e-type=\"widget\" data-widget_type=\"heading.default\">\n\t\t\t\t\t<h3 class=\"elementor-heading-title elementor-size-default\">FAB Gallery<\/h3>\t\t\t\t<\/div>\n\t\t<div class=\"elementor-element elementor-element-dbed09b e-grid e-con-full e-con e-child\" data-id=\"dbed09b\" data-element_type=\"container\" data-e-type=\"container\">\n\t\t\t\t<div class=\"elementor-element elementor-element-7442065 elementor-widget elementor-widget-image\" data-id=\"7442065\" data-element_type=\"widget\" data-e-type=\"widget\" data-widget_type=\"image.default\">\n\t\t\t\t\t\t\t\t\t\t\t\t\t\t\t\t<a href=\"https:\/\/isfft.com\/wp-content\/uploads\/2026\/04\/FAB-Gallery.jpg\" data-elementor-open-lightbox=\"yes\" data-elementor-lightbox-title=\"FAB-Gallery\" data-e-action-hash=\"#elementor-action%3Aaction%3Dlightbox%26settings%3DeyJpZCI6MTE4OSwidXJsIjoiaHR0cHM6XC9cL2lzZmZ0LmNvbVwvd3AtY29udGVudFwvdXBsb2Fkc1wvMjAyNlwvMDRcL0ZBQi1HYWxsZXJ5LmpwZyJ9\">\n\t\t\t\t\t\t\t<img decoding=\"async\" width=\"908\" height=\"1024\" src=\"https:\/\/isfft.com\/wp-content\/uploads\/2026\/04\/FAB-Gallery-908x1024.jpg\" class=\"attachment-large size-large wp-image-1189\" alt=\"\" srcset=\"https:\/\/isfft.com\/wp-content\/uploads\/2026\/04\/FAB-Gallery-908x1024.jpg 908w, https:\/\/isfft.com\/wp-content\/uploads\/2026\/04\/FAB-Gallery-266x300.jpg 266w, https:\/\/isfft.com\/wp-content\/uploads\/2026\/04\/FAB-Gallery-768x866.jpg 768w, https:\/\/isfft.com\/wp-content\/uploads\/2026\/04\/FAB-Gallery-11x12.jpg 11w, https:\/\/isfft.com\/wp-content\/uploads\/2026\/04\/FAB-Gallery.jpg 1170w\" sizes=\"(max-width: 908px) 100vw, 908px\" \/>\t\t\t\t\t\t\t\t<\/a>\n\t\t\t\t\t\t\t\t\t\t\t\t\t\t\t<\/div>\n\t\t\t\t<div class=\"elementor-element elementor-element-eab260a elementor-widget elementor-widget-text-editor\" data-id=\"eab260a\" data-element_type=\"widget\" data-e-type=\"widget\" data-widget_type=\"text-editor.default\">\n\t\t\t\t\t\t\t\t\t<p class=\"p4\"><span lang=\"EN-US\">An autonomous artistic space within the campus, presenting a multimedia exhibition by students of the Faculty of Fine Arts. Through video art, installations, and digital painting, the gallery expands the audiovisual language of the festival beyond the cinematic screen.<\/span><\/p>\t\t\t\t\t\t\t\t<\/div>\n\t\t\t\t<\/div>\n\t\t\t\t<div class=\"elementor-element elementor-element-7e8854f elementor-widget elementor-widget-spacer\" data-id=\"7e8854f\" data-element_type=\"widget\" data-e-type=\"widget\" data-widget_type=\"spacer.default\">\n\t\t\t\t\t\t\t<div class=\"elementor-spacer\">\n\t\t\t<div class=\"elementor-spacer-inner\"><\/div>\n\t\t<\/div>\n\t\t\t\t\t\t<\/div>\n\t\t\t\t<\/div>\n\t\t<div class=\"elementor-element elementor-element-5639867 e-con-full e-flex e-con e-child\" data-id=\"5639867\" data-element_type=\"container\" data-e-type=\"container\">\n\t\t\t\t<div class=\"elementor-element elementor-element-7cea4c4 elementor-hidden-tablet elementor-hidden-mobile elementor-widget elementor-widget-spacer\" data-id=\"7cea4c4\" data-element_type=\"widget\" data-e-type=\"widget\" data-widget_type=\"spacer.default\">\n\t\t\t\t\t\t\t<div class=\"elementor-spacer\">\n\t\t\t<div class=\"elementor-spacer-inner\"><\/div>\n\t\t<\/div>\n\t\t\t\t\t\t<\/div>\n\t\t\t\t<div class=\"elementor-element elementor-element-2323409 elementor-hidden-desktop elementor-widget elementor-widget-spacer\" data-id=\"2323409\" data-element_type=\"widget\" data-e-type=\"widget\" data-widget_type=\"spacer.default\">\n\t\t\t\t\t\t\t<div class=\"elementor-spacer\">\n\t\t\t<div class=\"elementor-spacer-inner\"><\/div>\n\t\t<\/div>\n\t\t\t\t\t\t<\/div>\n\t\t\t\t<div class=\"elementor-element elementor-element-f77cb1a elementor-widget elementor-widget-image\" data-id=\"f77cb1a\" data-element_type=\"widget\" data-e-type=\"widget\" data-widget_type=\"image.default\">\n\t\t\t\t\t\t\t\t\t\t\t\t\t\t\t<img loading=\"lazy\" decoding=\"async\" width=\"1024\" height=\"1024\" src=\"https:\/\/isfft.com\/wp-content\/uploads\/2025\/12\/isfft-white-1024x1024.png\" class=\"attachment-large size-large wp-image-9\" alt=\"\" srcset=\"https:\/\/isfft.com\/wp-content\/uploads\/2025\/12\/isfft-white-1024x1024.png 1024w, https:\/\/isfft.com\/wp-content\/uploads\/2025\/12\/isfft-white-300x300.png 300w, https:\/\/isfft.com\/wp-content\/uploads\/2025\/12\/isfft-white-150x150.png 150w, https:\/\/isfft.com\/wp-content\/uploads\/2025\/12\/isfft-white-768x768.png 768w, https:\/\/isfft.com\/wp-content\/uploads\/2025\/12\/isfft-white-1536x1536.png 1536w, https:\/\/isfft.com\/wp-content\/uploads\/2025\/12\/isfft-white.png 1563w\" sizes=\"(max-width: 1024px) 100vw, 1024px\" \/>\t\t\t\t\t\t\t\t\t\t\t\t\t\t\t<\/div>\n\t\t\t\t<\/div>\n\t\t\t\t\t<\/div>\n\t\t\t\t<\/div>\n\t\t\t\t<\/div>","protected":false},"excerpt":{"rendered":"<p>Aktivitetet Paralele n\u00eb Kampus ISFFT 2026 Aktivitetet Paralele ISFFT 2026 Gjat\u00eb ISFFT 2026, kampusi i Universitetit t\u00eb Arteve shnd\u00ebrrohet n\u00eb nj\u00eb mjedis t\u00eb hapur dhe dinamik artistik, ku aktivitetet shtrihen p\u00ebrtej sallave t\u00eb shfaqjeve, n\u00eb nj\u00eb rrjet hap\u00ebsirash t\u00eb nd\u00ebrthurura. Kampusi konceptohet si nj\u00eb hart\u00eb e gjall\u00eb p\u00ebrvojash, ku \u00e7do hap\u00ebsir\u00eb ruan identitetin dhe funksionin [&hellip;]<\/p>\n","protected":false},"author":1,"featured_media":0,"parent":680,"menu_order":0,"comment_status":"closed","ping_status":"closed","template":"","meta":{"_monsterinsights_skip_tracking":false,"_monsterinsights_sitenote_active":false,"_monsterinsights_sitenote_note":"","_monsterinsights_sitenote_category":0,"footnotes":""},"class_list":["post-1185","page","type-page","status-publish","hentry"],"blocksy_meta":[],"aioseo_notices":[],"_links":{"self":[{"href":"https:\/\/isfft.com\/en\/wp-json\/wp\/v2\/pages\/1185","targetHints":{"allow":["GET"]}}],"collection":[{"href":"https:\/\/isfft.com\/en\/wp-json\/wp\/v2\/pages"}],"about":[{"href":"https:\/\/isfft.com\/en\/wp-json\/wp\/v2\/types\/page"}],"author":[{"embeddable":true,"href":"https:\/\/isfft.com\/en\/wp-json\/wp\/v2\/users\/1"}],"replies":[{"embeddable":true,"href":"https:\/\/isfft.com\/en\/wp-json\/wp\/v2\/comments?post=1185"}],"version-history":[{"count":16,"href":"https:\/\/isfft.com\/en\/wp-json\/wp\/v2\/pages\/1185\/revisions"}],"predecessor-version":[{"id":1205,"href":"https:\/\/isfft.com\/en\/wp-json\/wp\/v2\/pages\/1185\/revisions\/1205"}],"up":[{"embeddable":true,"href":"https:\/\/isfft.com\/en\/wp-json\/wp\/v2\/pages\/680"}],"wp:attachment":[{"href":"https:\/\/isfft.com\/en\/wp-json\/wp\/v2\/media?parent=1185"}],"curies":[{"name":"wp","href":"https:\/\/api.w.org\/{rel}","templated":true}]}}